{"id":70,"date":"2014-04-24T10:47:23","date_gmt":"2014-04-24T08:47:23","guid":{"rendered":"https:\/\/22.alutraum.com\/?page_id=70"},"modified":"2024-01-13T23:55:56","modified_gmt":"2024-01-13T22:55:56","slug":"konfigurator","status":"publish","type":"page","link":"https:\/\/22.alutraum.com\/?page_id=70","title":{"rendered":"Anh\u00e4ngerkonfigurator"},"content":{"rendered":"<p style=\"text-align: center;\"><strong>&nbsp;Nehmen Sie sich etwas Zeit (3-6Minuten) um uns Ihre W\u00fcnsche mitzuteilen.<\/strong><\/p>\n<p style=\"text-align: center;\"><strong>Ihr Alutraum-Angebot wird daraus direkt von uns f\u00fcr Sie zusammen gestellt !<\/strong><\/p>\n<p style=\"text-align: center;\"><strong>Je genauer Ihre Angaben, desto&nbsp; schneller k\u00f6nnen wir Ihnen ein Angebot ohne R\u00fcckfragen erstellen.<\/strong><\/p>\n<h3 style=\"text-align: center;\">Los geht\u00b4s &#8230;&#8230;&nbsp;<\/h3>\n<p style=\"text-align: center;\">\n<div class=\"wpcf7 no-js\" id=\"wpcf7-f4-o1\" lang=\"de-DE\" dir=\"ltr\" data-wpcf7-id=\"4\">\n<div class=\"screen-reader-response\"><p role=\"status\" aria-live=\"polite\" aria-atomic=\"true\"><\/p> <ul><\/ul><\/div>\n<form action=\"\/index.php?rest_route=%2Fwp%2Fv2%2Fpages%2F70#wpcf7-f4-o1\" method=\"post\" class=\"wpcf7-form init\" aria-label=\"Kontaktformular\" novalidate=\"novalidate\" data-status=\"init\">\n<fieldset class=\"hidden-fields-container\"><input type=\"hidden\" name=\"_wpcf7\" value=\"4\" \/><input type=\"hidden\" name=\"_wpcf7_version\" value=\"6.1.5\" \/><input type=\"hidden\" name=\"_wpcf7_locale\" value=\"de_DE\" \/><input type=\"hidden\" name=\"_wpcf7_unit_tag\" value=\"wpcf7-f4-o1\" \/><input type=\"hidden\" name=\"_wpcf7_container_post\" value=\"0\" \/><input type=\"hidden\" name=\"_wpcf7_posted_data_hash\" value=\"\" \/>\n<\/fieldset>\n<p>Ich habe die <a href=\"https:\/\/22.alutraum.com\/?page_id=631\">Datenschutzerkl\u00e4rung<\/a> gelesen <span class=\"wpcf7-form-control-wrap\" data-name=\"AGB\"><span class=\"wpcf7-form-control wpcf7-checkbox wpcf7-validates-as-required wpcf7-exclusive-checkbox\"><span class=\"wpcf7-list-item first last\"><input type=\"checkbox\" name=\"AGB\" value=\"ja (Pflichtfeld)\" \/><span class=\"wpcf7-list-item-label\">ja (Pflichtfeld)<\/span><\/span><\/span><\/span>\n<\/p>\n<p>Ihr Name (Pflichtfeld)\n<\/p>\n<p><span class=\"wpcf7-form-control-wrap\" data-name=\"your-name\"><input size=\"40\" maxlength=\"400\" class=\"wpcf7-form-control wpcf7-text wpcf7-validates-as-required\" aria-required=\"true\" aria-invalid=\"false\" value=\"\" type=\"text\" name=\"your-name\" \/><\/span>\n<\/p>\n<p>Ihre E-Mail-Adresse (Pflichtfeld)\n<\/p>\n<p><span class=\"wpcf7-form-control-wrap\" data-name=\"your-email\"><input size=\"40\" maxlength=\"400\" class=\"wpcf7-form-control wpcf7-email wpcf7-validates-as-required wpcf7-text wpcf7-validates-as-email\" aria-required=\"true\" aria-invalid=\"false\" value=\"\" type=\"email\" name=\"your-email\" \/><\/span>\n<\/p>\n<p>Telefon f\u00fcr R\u00fcckfragen ( wird auch nur daf\u00fcr benutzt ! ) (Pflichtfeld)\n<\/p>\n<p><span class=\"wpcf7-form-control-wrap\" data-name=\"tel-259\"><input size=\"40\" maxlength=\"400\" class=\"wpcf7-form-control wpcf7-tel wpcf7-validates-as-required wpcf7-text wpcf7-validates-as-tel\" aria-required=\"true\" aria-invalid=\"false\" value=\"Bitte Tel. angeben\" type=\"tel\" name=\"tel-259\" \/><\/span>\n<\/p>\n<p>Ihre Nachricht an uns (inkl. Sonderw\u00fcnschen)\n<\/p>\n<p><span class=\"wpcf7-form-control-wrap\" data-name=\"your-message\"><textarea cols=\"40\" rows=\"10\" maxlength=\"2000\" class=\"wpcf7-form-control wpcf7-textarea\" aria-invalid=\"false\" name=\"your-message\"><\/textarea><\/span>\n<\/p>\n<p>Was genau suchen Sie f\u00fcr einen Anh\u00e4nger? Bauart : (Pflichtfeld)\n<\/p>\n<p><span class=\"wpcf7-form-control-wrap\" data-name=\"checkbox-794\"><span class=\"wpcf7-form-control wpcf7-checkbox wpcf7-validates-as-required wpcf7-exclusive-checkbox\"><span class=\"wpcf7-list-item first\"><label><span class=\"wpcf7-list-item-label\">Plane &amp; Spriegel<\/span><input type=\"checkbox\" name=\"checkbox-794\" value=\"Plane &amp; Spriegel\" \/><\/label><\/span><span class=\"wpcf7-list-item\"><label><span class=\"wpcf7-list-item-label\">Plattform<\/span><input type=\"checkbox\" name=\"checkbox-794\" value=\"Plattform\" \/><\/label><\/span><span class=\"wpcf7-list-item\"><label><span class=\"wpcf7-list-item-label\">Offener Kasten<\/span><input type=\"checkbox\" name=\"checkbox-794\" value=\"Offener Kasten\" \/><\/label><\/span><span class=\"wpcf7-list-item\"><label><span class=\"wpcf7-list-item-label\">Koffer<\/span><input type=\"checkbox\" name=\"checkbox-794\" value=\"Koffer\" \/><\/label><\/span><span class=\"wpcf7-list-item\"><label><span class=\"wpcf7-list-item-label\">KFZ Trailer PLS<\/span><input type=\"checkbox\" name=\"checkbox-794\" value=\"KFZ Trailer PLS\" \/><\/label><\/span><span class=\"wpcf7-list-item\"><label><span class=\"wpcf7-list-item-label\">KFZ Trailer Dibound Koffer<\/span><input type=\"checkbox\" name=\"checkbox-794\" value=\"KFZ Trailer Dibound Koffer\" \/><\/label><\/span><span class=\"wpcf7-list-item\"><label><span class=\"wpcf7-list-item-label\">Motorrad Trailer PLS<\/span><input type=\"checkbox\" name=\"checkbox-794\" value=\"Motorrad Trailer PLS\" \/><\/label><\/span><span class=\"wpcf7-list-item\"><label><span class=\"wpcf7-list-item-label\">Motorrad  Trailer Dibound Koffer<\/span><input type=\"checkbox\" name=\"checkbox-794\" value=\"Motorrad  Trailer Dibound Koffer\" \/><\/label><\/span><span class=\"wpcf7-list-item\"><label><span class=\"wpcf7-list-item-label\">Verkauf\u00b4s Anh\u00e4nger<\/span><input type=\"checkbox\" name=\"checkbox-794\" value=\"Verkauf\u00b4s Anh\u00e4nger\" \/><\/label><\/span><span class=\"wpcf7-list-item\"><label><span class=\"wpcf7-list-item-label\">Sonstige Bauart<\/span><input type=\"checkbox\" name=\"checkbox-794\" value=\"Sonstige Bauart\" \/><\/label><\/span><span class=\"wpcf7-list-item last\"><label><span class=\"wpcf7-list-item-label\">Vieh Transporter<\/span><input type=\"checkbox\" name=\"checkbox-794\" value=\"Vieh Transporter\" \/><\/label><\/span><\/span><\/span>\n<\/p>\n<p>Gew\u00fcnschte Anh\u00e4ngerinnenma\u00dfe in mm, Zwischenma\u00dfe bitte oben im Nachrichtenfeld eingeben :\n<\/p>\n<p><span class=\"wpcf7-form-control-wrap\" data-name=\"lange\"><select class=\"wpcf7-form-control wpcf7-select\" aria-invalid=\"false\" name=\"lange\"><option value=\"L\u00e4nge\">L\u00e4nge<\/option><option value=\"2.000 mm\">2.000 mm<\/option><option value=\"2.200 mm\">2.200 mm<\/option><option value=\"2.400 mm\">2.400 mm<\/option><option value=\"2.600 mm\">2.600 mm<\/option><option value=\"2.800 mm\">2.800 mm<\/option><option value=\"3.000 mm\">3.000 mm<\/option><option value=\"3.200 mm\">3.200 mm<\/option><option value=\"3.400 mm\">3.400 mm<\/option><option value=\"3.600 mm\">3.600 mm<\/option><option value=\"3.800 mm\">3.800 mm<\/option><option value=\"4.000 mm\">4.000 mm<\/option><option value=\"4.200 mm\">4.200 mm<\/option><option value=\"4.400 mm\">4.400 mm<\/option><option value=\"4.600 mm\">4.600 mm<\/option><option value=\"4.800 mm\">4.800 mm<\/option><option value=\"5.000 mm\">5.000 mm<\/option><option value=\"5.200 mm\">5.200 mm<\/option><option value=\"5.400 mm\">5.400 mm<\/option><option value=\"5.600 mm\">5.600 mm<\/option><option value=\"5.800 mm\">5.800 mm<\/option><option value=\"6.000 mm\">6.000 mm<\/option><option value=\"6.200 mm\">6.200 mm<\/option><option value=\"6.400 mm\">6.400 mm<\/option><option value=\"6.600 mm\">6.600 mm<\/option><option value=\"6.800 mm\">6.800 mm<\/option><option value=\"7.000 mm\">7.000 mm<\/option><option value=\"\u00fcber 7.000 mm\">\u00fcber 7.000 mm<\/option><\/select><\/span><span class=\"wpcf7-form-control-wrap\" data-name=\"breite\"><select class=\"wpcf7-form-control wpcf7-select\" aria-invalid=\"false\" name=\"breite\"><option value=\"Breite\">Breite<\/option><option value=\"1.000 mm\">1.000 mm<\/option><option value=\"1.200 mm\">1.200 mm<\/option><option value=\"1.400 mm\">1.400 mm<\/option><option value=\"1.600 mm\">1.600 mm<\/option><option value=\"1.700 mm\">1.700 mm<\/option><option value=\"1.800 mm\">1.800 mm<\/option><option value=\"1.850 mm\">1.850 mm<\/option><option value=\"1.900 mm\">1.900 mm<\/option><option value=\"1.950 mm\">1.950 mm<\/option><option value=\"2.000 mm\">2.000 mm<\/option><option value=\"2.100 mm\">2.100 mm<\/option><option value=\"2.200 mm\">2.200 mm<\/option><option value=\"2.400 mm\">2.400 mm<\/option><option value=\"max 2.550 mm\">max 2.550 mm<\/option><\/select><\/span><span class=\"wpcf7-form-control-wrap\" data-name=\"hohe\"><select class=\"wpcf7-form-control wpcf7-select\" aria-invalid=\"false\" name=\"hohe\"><option value=\"H\u00f6he\">H\u00f6he<\/option><option value=\"200 mm\">200 mm<\/option><option value=\"400 mm\">400 mm<\/option><option value=\"600 mm\">600 mm<\/option><option value=\"800 mm\">800 mm<\/option><option value=\"1.000 mm\">1.000 mm<\/option><option value=\"1.200 mm\">1.200 mm<\/option><option value=\"1.400 mm\">1.400 mm<\/option><option value=\"1.600 mm\">1.600 mm<\/option><option value=\"1.800 mm\">1.800 mm<\/option><option value=\"1.850 mm\">1.850 mm<\/option><option value=\"1.900 mm\">1.900 mm<\/option><option value=\"1.950 mm\">1.950 mm<\/option><option value=\"2.000 mm\">2.000 mm<\/option><option value=\"2.100 mm\">2.100 mm<\/option><option value=\"2.000 mm\">2.000 mm<\/option><option value=\"2.200 mm\">2.200 mm<\/option><option value=\"2.400 mm\">2.400 mm<\/option><option value=\"2.600 mm\">2.600 mm<\/option><option value=\"2.800 mm\">2.800 mm<\/option><option value=\"3.000 mm\">3.000 mm<\/option><option value=\"3.200 mm\">3.200 mm<\/option><option value=\"3.400 mm\">3.400 mm<\/option><option value=\"3.600 mm\">3.600 mm<\/option><option value=\"3.800 mm\">3.800 mm<\/option><option value=\"4.000 mm\">4.000 mm<\/option><\/select><\/span>\n<\/p>\n<p>Anzahl Achsen ? (Einachser nur bis 1,8 to.)\n<\/p>\n<p><span class=\"wpcf7-form-control-wrap\" data-name=\"menu-858\"><select class=\"wpcf7-form-control wpcf7-select\" aria-invalid=\"false\" name=\"menu-858\"><option value=\"1 Achse\">1 Achse<\/option><option value=\"2 Achsen\">2 Achsen<\/option><option value=\"3 Achsen\">3 Achsen<\/option><\/select><\/span>\n<\/p>\n<p>W\u00fcnschen Sie Alu Auffahrrampen oder eine befahrbare Heckklappe ?\n<\/p>\n<p><img loading=\"lazy\" decoding=\"async\" class=\"alignleft size-full wp-image-1719\" src=\"https:\/\/22.alutraum.com\/wp-content\/uploads\/2017\/08\/Rampen.jpg\" alt=\"\" width=\"165\" height=\"125\" \/>\n<\/p>\n<p>&nbsp;\n<\/p>\n<p>Rampen<br \/>\n<span class=\"wpcf7-form-control-wrap\" data-name=\"Alurampen\"><span class=\"wpcf7-form-control wpcf7-checkbox wpcf7-exclusive-checkbox\"><span class=\"wpcf7-list-item first\"><label><span class=\"wpcf7-list-item-label\">nein<\/span><input type=\"checkbox\" name=\"Alurampen\" value=\"nein\" \/><\/label><\/span><span class=\"wpcf7-list-item\"><label><span class=\"wpcf7-list-item-label\">ja<\/span><input type=\"checkbox\" name=\"Alurampen\" value=\"ja\" \/><\/label><\/span><span class=\"wpcf7-list-item last\"><label><span class=\"wpcf7-list-item-label\">Heckklappe<\/span><input type=\"checkbox\" name=\"Alurampen\" value=\"Heckklappe\" \/><\/label><\/span><\/span><\/span>\n<\/p>\n<p>Hoch- \/ Tieflader ?\n<\/p>\n<p><span class=\"wpcf7-form-control-wrap\" data-name=\"checkbox-695\"><span class=\"wpcf7-form-control wpcf7-checkbox wpcf7-exclusive-checkbox\"><span class=\"wpcf7-list-item first\"><label><input type=\"checkbox\" name=\"checkbox-695\" value=\"Hochlader\" \/><span class=\"wpcf7-list-item-label\">Hochlader<\/span><\/label><\/span><span class=\"wpcf7-list-item last\"><label><input type=\"checkbox\" name=\"checkbox-695\" value=\"Tieflader\" \/><span class=\"wpcf7-list-item-label\">Tieflader<\/span><\/label><\/span><\/span><\/span>\n<\/p>\n<p><img loading=\"lazy\" decoding=\"async\" class=\"alignleft size-full wp-image-1721\" src=\"https:\/\/22.alutraum.com\/wp-content\/uploads\/2017\/08\/Hochlader-2.jpg\" alt=\"\" width=\"205\" height=\"155\" srcset=\"https:\/\/22.alutraum.com\/wp-content\/uploads\/2017\/08\/Hochlader-2.jpg 205w, https:\/\/22.alutraum.com\/wp-content\/uploads\/2017\/08\/Hochlader-2-185x140.jpg 185w\" sizes=\"auto, (max-width: 205px) 100vw, 205px\" \/>\n<\/p>\n<p>&nbsp;\n<\/p>\n<p>Hochlader (R\u00e4der unter der Ladefl\u00e4che)\n<\/p>\n<p>&nbsp;\n<\/p>\n<p><img loading=\"lazy\" decoding=\"async\" class=\"alignleft size-full wp-image-1720\" src=\"https:\/\/22.alutraum.com\/wp-content\/uploads\/2017\/08\/Tieflader.jpg\" alt=\"\" width=\"185\" height=\"140\" \/>\n<\/p>\n<p>&nbsp;\n<\/p>\n<p>Tieflader (R\u00e4der neben der Ladefl\u00e4che)\n<\/p>\n<p>&nbsp;\n<\/p>\n<p>Bevorzugte Brackenh\u00f6he in mm ?\n<\/p>\n<p><span class=\"wpcf7-form-control-wrap\" data-name=\"menu-81\"><select class=\"wpcf7-form-control wpcf7-select\" aria-invalid=\"false\" name=\"menu-81\"><option value=\"keine Auswahl\">keine Auswahl<\/option><option value=\"200 mm\">200 mm<\/option><option value=\"200 mm\">200 mm<\/option><option value=\"300 mm\">300 mm<\/option><option value=\"400 mm\">400 mm<\/option><option value=\"mehr als 400 mm\">mehr als 400 mm<\/option><\/select><\/span>\n<\/p>\n<p>Gew\u00fcnschtes zul\u00e4ssiges Gesamtgewicht max. (Ablastung immer m\u00f6glich !) :\n<\/p>\n<p><span class=\"wpcf7-form-control-wrap\" data-name=\"checkbox-171\"><span class=\"wpcf7-form-control wpcf7-checkbox wpcf7-exclusive-checkbox\"><span class=\"wpcf7-list-item first\"><label><span class=\"wpcf7-list-item-label\">bis 750 kg<\/span><input type=\"checkbox\" name=\"checkbox-171\" value=\"bis 750 kg\" \/><\/label><\/span><span class=\"wpcf7-list-item\"><label><span class=\"wpcf7-list-item-label\">750 kg<\/span><input type=\"checkbox\" name=\"checkbox-171\" value=\"750 kg\" \/><\/label><\/span><span class=\"wpcf7-list-item\"><label><span class=\"wpcf7-list-item-label\">1000 kg<\/span><input type=\"checkbox\" name=\"checkbox-171\" value=\"1000 kg\" \/><\/label><\/span><span class=\"wpcf7-list-item\"><label><span class=\"wpcf7-list-item-label\">1350 kg<\/span><input type=\"checkbox\" name=\"checkbox-171\" value=\"1350 kg\" \/><\/label><\/span><span class=\"wpcf7-list-item\"><label><span class=\"wpcf7-list-item-label\">1500 kg<\/span><input type=\"checkbox\" name=\"checkbox-171\" value=\"1500 kg\" \/><\/label><\/span><span class=\"wpcf7-list-item\"><label><span class=\"wpcf7-list-item-label\">1800 kg<\/span><input type=\"checkbox\" name=\"checkbox-171\" value=\"1800 kg\" \/><\/label><\/span><span class=\"wpcf7-list-item\"><label><span class=\"wpcf7-list-item-label\">2000 kg<\/span><input type=\"checkbox\" name=\"checkbox-171\" value=\"2000 kg\" \/><\/label><\/span><span class=\"wpcf7-list-item\"><label><span class=\"wpcf7-list-item-label\">2200 kg<\/span><input type=\"checkbox\" name=\"checkbox-171\" value=\"2200 kg\" \/><\/label><\/span><span class=\"wpcf7-list-item\"><label><span class=\"wpcf7-list-item-label\">2400 kg<\/span><input type=\"checkbox\" name=\"checkbox-171\" value=\"2400 kg\" \/><\/label><\/span><span class=\"wpcf7-list-item\"><label><span class=\"wpcf7-list-item-label\">2700 kg<\/span><input type=\"checkbox\" name=\"checkbox-171\" value=\"2700 kg\" \/><\/label><\/span><span class=\"wpcf7-list-item\"><label><span class=\"wpcf7-list-item-label\">3000 kg<\/span><input type=\"checkbox\" name=\"checkbox-171\" value=\"3000 kg\" \/><\/label><\/span><span class=\"wpcf7-list-item last\"><label><span class=\"wpcf7-list-item-label\">3500 kg<\/span><input type=\"checkbox\" name=\"checkbox-171\" value=\"3500 kg\" \/><\/label><\/span><\/span><\/span>\n<\/p>\n<p>Auflaufbremse ? (\u00fcber 750 kg Pflicht)\n<\/p>\n<p><span class=\"wpcf7-form-control-wrap\" data-name=\"bremse\"><span class=\"wpcf7-form-control wpcf7-checkbox wpcf7-exclusive-checkbox\"><span class=\"wpcf7-list-item first\"><label><span class=\"wpcf7-list-item-label\">gebremst<\/span><input type=\"checkbox\" name=\"bremse\" value=\"gebremst\" \/><\/label><\/span><span class=\"wpcf7-list-item last\"><label><span class=\"wpcf7-list-item-label\">ungebremst<\/span><input type=\"checkbox\" name=\"bremse\" value=\"ungebremst\" \/><\/label><\/span><\/span><\/span>\n<\/p>\n<p>Felgengr\u00f6sse :\n<\/p>\n<p><span class=\"wpcf7-form-control-wrap\" data-name=\"menu-990\"><select class=\"wpcf7-form-control wpcf7-select\" aria-invalid=\"false\" name=\"menu-990\"><option value=\"egal\">egal<\/option><option value=\"10 Zoll\">10 Zoll<\/option><option value=\"12 Zoll\">12 Zoll<\/option><option value=\"13 Zoll\">13 Zoll<\/option><option value=\"14 Zoll\">14 Zoll<\/option><option value=\"15 Zoll\">15 Zoll<\/option><option value=\"16 Zoll\">16 Zoll<\/option><option value=\"17 Zoll\">17 Zoll<\/option><option value=\"18 Zoll\">18 Zoll<\/option><option value=\"19 Zoll\">19 Zoll<\/option><option value=\"20 Zoll\">20 Zoll<\/option><\/select><\/span>\n<\/p>\n<p>Felgenart :\n<\/p>\n<p><span class=\"wpcf7-form-control-wrap\" data-name=\"checkbox-860\"><span class=\"wpcf7-form-control wpcf7-checkbox wpcf7-exclusive-checkbox\"><span class=\"wpcf7-list-item first\"><label><span class=\"wpcf7-list-item-label\">Stahlfelgen<\/span><input type=\"checkbox\" name=\"checkbox-860\" value=\"Stahlfelgen\" \/><\/label><\/span><span class=\"wpcf7-list-item last\"><label><span class=\"wpcf7-list-item-label\">Alufelgen<\/span><input type=\"checkbox\" name=\"checkbox-860\" value=\"Alufelgen\" \/><\/label><\/span><\/span><\/span>\n<\/p>\n<p><img loading=\"lazy\" decoding=\"async\" class=\"alignleft wp-image-1726\" src=\"https:\/\/22.alutraum.com\/wp-content\/uploads\/2017\/08\/stahlfelge.jpg\" alt=\"\" width=\"168\" height=\"126\" \/>\n<\/p>\n<p>&nbsp;\n<\/p>\n<p>Stahlfelge\n<\/p>\n<p>&nbsp;\n<\/p>\n<p><img loading=\"lazy\" decoding=\"async\" class=\"alignleft wp-image-1722\" src=\"https:\/\/22.alutraum.com\/wp-content\/uploads\/2017\/08\/Alufelge.jpg\" alt=\"\" width=\"173\" height=\"131\" \/>\n<\/p>\n<p>&nbsp;\n<\/p>\n<p>Alufelge (wenn die max. Felgenlast es erm\u00f6glicht)\n<\/p>\n<p>Beleuchtungsart :\n<\/p>\n<p><span class=\"wpcf7-form-control-wrap\" data-name=\"menu-540\"><select class=\"wpcf7-form-control wpcf7-select\" aria-invalid=\"false\" name=\"menu-540\"><option value=\"Standard Beleuchtung\">Standard Beleuchtung<\/option><option value=\"LED Beleuchtung\">LED Beleuchtung<\/option><\/select><\/span>\n<\/p>\n<p><img loading=\"lazy\" decoding=\"async\" class=\"alignleft size-full wp-image-1725\" src=\"https:\/\/22.alutraum.com\/wp-content\/uploads\/2017\/08\/LED-Beleuchtung.jpg\" alt=\"\" width=\"200\" height=\"150\" srcset=\"https:\/\/22.alutraum.com\/wp-content\/uploads\/2017\/08\/LED-Beleuchtung.jpg 200w, https:\/\/22.alutraum.com\/wp-content\/uploads\/2017\/08\/LED-Beleuchtung-185x139.jpg 185w\" sizes=\"auto, (max-width: 200px) 100vw, 200px\" \/>\n<\/p>\n<p>&nbsp;\n<\/p>\n<p>&nbsp;\n<\/p>\n<p>LED Beleuchtung (ist erheblich teurer(+700\u20ac), einzelne Leuchtmittel k\u00f6nnen nicht mehr schnell gewechselt werden,LED Zentralkontrollger\u00e4t erforderlich f\u00fcr Fahrzeugelektronik)\n<\/p>\n<p>&nbsp;\n<\/p>\n<p><img loading=\"lazy\" decoding=\"async\" class=\"alignleft size-full wp-image-1724\" src=\"https:\/\/22.alutraum.com\/wp-content\/uploads\/2017\/08\/Standart-Beleuchtung.jpg\" alt=\"\" width=\"200\" height=\"150\" srcset=\"https:\/\/22.alutraum.com\/wp-content\/uploads\/2017\/08\/Standart-Beleuchtung.jpg 200w, https:\/\/22.alutraum.com\/wp-content\/uploads\/2017\/08\/Standart-Beleuchtung-185x139.jpg 185w\" sizes=\"auto, (max-width: 200px) 100vw, 200px\" \/>\n<\/p>\n<p>&nbsp;\n<\/p>\n<p>Standart Beleuchtung (g\u00fcnstiger, leicht zu warten)\n<\/p>\n<p>&nbsp;\n<\/p>\n<p>&nbsp;\n<\/p>\n<p>Beschichtung Anh\u00e4nger :\n<\/p>\n<p><span class=\"wpcf7-form-control-wrap\" data-name=\"checkbox-912\"><span class=\"wpcf7-form-control wpcf7-checkbox wpcf7-exclusive-checkbox\"><span class=\"wpcf7-list-item first\"><label><span class=\"wpcf7-list-item-label\">Alu Natur (unbehandelt)<\/span><input type=\"checkbox\" name=\"checkbox-912\" value=\"Alu Natur (unbehandelt)\" \/><\/label><\/span><span class=\"wpcf7-list-item\"><label><span class=\"wpcf7-list-item-label\">Pulverbeschichtung einfarbig<\/span><input type=\"checkbox\" name=\"checkbox-912\" value=\"Pulverbeschichtung einfarbig\" \/><\/label><\/span><span class=\"wpcf7-list-item\"><label><span class=\"wpcf7-list-item-label\">Pulverbeschichtung mehrfarbig<\/span><input type=\"checkbox\" name=\"checkbox-912\" value=\"Pulverbeschichtung mehrfarbig\" \/><\/label><\/span><span class=\"wpcf7-list-item last\"><label><span class=\"wpcf7-list-item-label\">Sonstige Beschichtung<\/span><input type=\"checkbox\" name=\"checkbox-912\" value=\"Sonstige Beschichtung\" \/><\/label><\/span><\/span><\/span>\n<\/p>\n<p><img loading=\"lazy\" decoding=\"async\" class=\"alignleft size-full wp-image-1714\" src=\"https:\/\/22.alutraum.com\/wp-content\/uploads\/2017\/08\/unbeschichtet.jpg\" alt=\"\" width=\"185\" height=\"140\" \/>\n<\/p>\n<p>&nbsp;\n<\/p>\n<p>Alu Natur (l\u00e4uft mit der Zeit ein wenig an, bildet eine Schutzschicht, erheblich weniger Fertigungsaufwand)\n<\/p>\n<p>Wunschfarbe (wenn Beschichtung gew\u00fcnscht) :\n<\/p>\n<p><span class=\"wpcf7-form-control-wrap\" data-name=\"textarea-613\"><textarea cols=\"40\" rows=\"3\" maxlength=\"2000\" class=\"wpcf7-form-control wpcf7-textarea\" aria-invalid=\"false\" placeholder=\"Ral 1234-HR Musterbeispiel\" name=\"textarea-613\"><\/textarea><\/span>\n<\/p>\n<p>St\u00fctzrad :\n<\/p>\n<p><span class=\"wpcf7-form-control-wrap\" data-name=\"menu-202\"><select class=\"wpcf7-form-control wpcf7-select\" aria-invalid=\"false\" name=\"menu-202\"><option value=\"schwer\">schwer<\/option><option value=\"leicht\">leicht<\/option><\/select><\/span>\n<\/p>\n<p><img loading=\"lazy\" decoding=\"async\" class=\"alignleft size-full wp-image-1713\" src=\"https:\/\/22.alutraum.com\/wp-content\/uploads\/2017\/08\/St\u00fctzrad-schweer-kfz-.jpg\" alt=\"\" width=\"205\" height=\"155\" srcset=\"https:\/\/22.alutraum.com\/wp-content\/uploads\/2017\/08\/St\u00fctzrad-schweer-kfz-.jpg 205w, https:\/\/22.alutraum.com\/wp-content\/uploads\/2017\/08\/St\u00fctzrad-schweer-kfz--185x140.jpg 185w\" sizes=\"auto, (max-width: 205px) 100vw, 205px\" \/>\n<\/p>\n<p>&nbsp;\n<\/p>\n<p>St\u00fctzrad schwer (zentral in V-Deichsel auf Traverse montiert)\n<\/p>\n<p>(klappt hoch )\n<\/p>\n<p>100 km\/h Zulassung :\n<\/p>\n<p><span class=\"wpcf7-form-control-wrap\" data-name=\"checkbox-55\"><span class=\"wpcf7-form-control wpcf7-checkbox wpcf7-exclusive-checkbox\"><span class=\"wpcf7-list-item first\"><label><span class=\"wpcf7-list-item-label\">100 km\/h Zulassung gew\u00fcnscht<\/span><input type=\"checkbox\" name=\"checkbox-55\" value=\"100 km\/h Zulassung gew\u00fcnscht\" \/><\/label><\/span><span class=\"wpcf7-list-item last\"><label><span class=\"wpcf7-list-item-label\">nicht erforderlich<\/span><input type=\"checkbox\" name=\"checkbox-55\" value=\"nicht erforderlich\" \/><\/label><\/span><\/span><\/span>\n<\/p>\n<p>Und damit h\u00e4tten Sie auch schon die ausreichend Informationen f\u00fcr uns bereitgestellt.\n<\/p>\n<p>(Spamschutz) Bitte tragen Sie die unten sichtbaren Zeichen ein\n<\/p>\n<p>(damit akzeptieren Sie unsere Datenschutzbestimmungen):\n<\/p>\n<p><input type=\"hidden\" name=\"_wpcf7_captcha_challenge_captcha-219\" value=\"2084853169\" \/><img loading=\"lazy\" decoding=\"async\" class=\"wpcf7-form-control wpcf7-captchac wpcf7-captcha-captcha-219\" width=\"72\" height=\"24\" alt=\"captcha\" src=\"https:\/\/22.alutraum.com\/wp-content\/uploads\/wpcf7_captcha\/2084853169.png\" \/>\n<\/p>\n<p><span class=\"wpcf7-form-control-wrap\" data-name=\"captcha-219\"><input size=\"40\" class=\"wpcf7-form-control wpcf7-captchar\" autocomplete=\"off\" aria-invalid=\"false\" value=\"\" type=\"text\" name=\"captcha-219\" \/><\/span>\n<\/p>\n<p><input class=\"wpcf7-form-control wpcf7-submit has-spinner\" type=\"submit\" value=\"Senden\" \/>\n<\/p>\n<p>Ihre eingegebenen Daten werden von uns nur f\u00fcr die Angebotserstellung verarbeitet & gespeichert.\n<\/p>\n<p>Bitte haben Sie Verst\u00e4ndnis daf\u00fcr, das die Erstellung eines Angebot\u00b4s etwas Zeit braucht.\n<\/p>\n<p>Eine Best\u00e4tigungs-Mail mit allen an uns \u00fcbermittelten Daten wurde an die von Ihnen eingegebene<br \/>\nE-Mail Adresse gesendet .\n<\/p>\n<p>Sollten Sie keine E-Mail von uns erhalten haben, \u00fcberpr\u00fcfen sie bitte die eingegebenen Daten bzw. sehen Sie in Ihren Spam-Ordner nach<br \/>\n(je nach Einstellung der Filter kann es sein, das Ihr Anbieter die Mail als Spam sortiert).\n<\/p><div class=\"wpcf7-response-output\" aria-hidden=\"true\"><\/div>\n<\/form>\n<\/div>\n<\/p>\n","protected":false},"excerpt":{"rendered":"<p>&nbsp;Nehmen Sie sich etwas Zeit (3-6Minuten) um uns Ihre W\u00fcnsche mitzuteilen. Ihr Alutraum-Angebot wird daraus direkt von uns f\u00fcr Sie zusammen gestellt ! Je genauer Ihre Angaben, desto&nbsp; schneller k\u00f6nnen wir Ihnen ein Angebot ohne R\u00fcckfragen erstellen. Los geht\u00b4s &#8230;&#8230;&nbsp;<\/p>\n","protected":false},"author":1,"featured_media":0,"parent":10094,"menu_order":0,"comment_status":"closed","ping_status":"closed","template":"","meta":{"ngg_post_thumbnail":0,"footnotes":""},"class_list":["post-70","page","type-page","status-publish","hentry"],"_links":{"self":[{"href":"https:\/\/22.alutraum.com\/index.php?rest_route=\/wp\/v2\/pages\/70","targetHints":{"allow":["GET"]}}],"collection":[{"href":"https:\/\/22.alutraum.com\/index.php?rest_route=\/wp\/v2\/pages"}],"about":[{"href":"https:\/\/22.alutraum.com\/index.php?rest_route=\/wp\/v2\/types\/page"}],"author":[{"embeddable":true,"href":"https:\/\/22.alutraum.com\/index.php?rest_route=\/wp\/v2\/users\/1"}],"replies":[{"embeddable":true,"href":"https:\/\/22.alutraum.com\/index.php?rest_route=%2Fwp%2Fv2%2Fcomments&post=70"}],"version-history":[{"count":10,"href":"https:\/\/22.alutraum.com\/index.php?rest_route=\/wp\/v2\/pages\/70\/revisions"}],"predecessor-version":[{"id":13247,"href":"https:\/\/22.alutraum.com\/index.php?rest_route=\/wp\/v2\/pages\/70\/revisions\/13247"}],"up":[{"embeddable":true,"href":"https:\/\/22.alutraum.com\/index.php?rest_route=\/wp\/v2\/pages\/10094"}],"wp:attachment":[{"href":"https:\/\/22.alutraum.com\/index.php?rest_route=%2Fwp%2Fv2%2Fmedia&parent=70"}],"curies":[{"name":"wp","href":"https:\/\/api.w.org\/{rel}","templated":true}]}}