{"id":631,"date":"2016-10-23T15:34:53","date_gmt":"2016-10-23T13:34:53","guid":{"rendered":"https:\/\/22.alutraum.com\/?page_id=631"},"modified":"2022-04-29T11:24:21","modified_gmt":"2022-04-29T10:24:21","slug":"datenschutz","status":"publish","type":"page","link":"https:\/\/22.alutraum.com\/?page_id=631","title":{"rendered":"Datenschutz"},"content":{"rendered":"<h1>Datenschutzerkl\u00e4rung:<\/h1>\n<p><strong>Datenschutz<\/strong><\/p>\n<p>&nbsp;<\/p>\n<p>Die Betreiber dieser<br \/>\nSeiten nehmen den Schutz Ihrer pers\u00f6nlichen Daten sehr ernst. Wir behandeln Ihre personenbezogenen<br \/>\nDaten vertraulich und entsprechend der gesetzlichen Datenschutzvorschriften sowie dieser<br \/>\nDatenschutzerkl\u00e4rung.<\/p>\n<p>Die Nutzung unserer Webseite ist in der Regel ohne Angabe<br \/>\npersonenbezogener Daten m\u00f6glich. Soweit auf unseren Seiten personenbezogene Daten (beispielsweise<br \/>\nName, Anschrift oder E-Mail-Adressen) erhoben werden, erfolgt dies, soweit m\u00f6glich, stets auf freiwilliger<br \/>\nBasis. Diese Daten werden ohne Ihre ausdr\u00fcckliche Zustimmung nicht an Dritte weitergegeben.<\/p>\n<p>Wir weisen darauf hin, dass die Daten\u00fcbertragung im Internet (z.B. bei der Kommunikation per E-Mail)<br \/>\nSicherheitsl\u00fccken aufweisen kann. Ein l\u00fcckenloser Schutz der Daten vor dem Zugriff durch Dritte ist<br \/>\nnicht m\u00f6glich.<\/p>\n<p>Auf unserer Internetseite ist ein Kontaktformular vorhanden,<\/p>\n<p>welches f\u00fcr die elektronische Kontaktaufnahme genutzt werden kann.<\/p>\n<p>Nimmt ein Nutzer diese M\u00f6glichkeit wahr, so werden die in der Eingabemaske eingegeben Daten an uns \u00fcbermittelt und gespeichert.<\/p>\n<p>Diese Daten sind:<\/p>\n<ul>\n<li>Kontaktformular: die E-Mail-Adresse des Nutzers, die IP-Adresse des Nutzers<\/li>\n<li>Zudem k\u00f6nnen weitere freiwillig angegebene Daten \u00fcbermittelt werden wie: Anschrift, Telefonnummer, Fax-Nummer, Produktauswahl und Firma<\/li>\n<li>Datum und Uhrzeit des Absendevorgangs<\/li>\n<\/ul>\n<p>Im Zeitpunkt der Absendung der Nachricht werden zudem folgende Daten gespeichert:<\/p>\n<ul>\n<li>Die IP-Adresse des Nutzers<\/li>\n<li>Datum und Uhrzeit des Absendevorgangs<\/li>\n<\/ul>\n<p>F\u00fcr die Verarbeitung der Daten wird im Rahmen des Absendevorgangs Ihre Einwilligung eingeholt und auf diese Datenschutzerkl\u00e4rung verwiesen.<\/p>\n<p>Alternativ ist eine Kontaktaufnahme \u00fcber die bereitgestellte E-Mail-Adresse m\u00f6glich. In diesem Fall werden die mit der E-Mail \u00fcbermittelten personenbezogenen Daten des Nutzers gespeichert.<br \/>\nEine \u00dcbermittlung Ihrer pers\u00f6nlichen Daten an Dritte zu anderen als den im Folgenden aufgef\u00fchrten Zwecken findet nicht statt.<\/p>\n<p>Wir geben Ihre pers\u00f6nlichen Daten nur an Dritte weiter, wenn:<\/p>\n<ul>\n<li>Sie Ihre nach Art. 6 Abs. 1 S. 1 lit. a DSGVO ausdr\u00fcckliche Einwilligung dazu erteilt haben,<\/li>\n<li>die Weitergabe nach Art. 6 Abs. 1 S. 1 lit. f DSGVO zur Geltendmachung, Aus\u00fcbung oder Verteidigung von Rechtsanspr\u00fcchen erforderlich ist und kein Grund zur Annahme besteht, dass Sie ein \u00fcberwiegendes schutzw\u00fcrdiges Interesse an der Nichtweitergabe Ihrer Daten haben,<\/li>\n<li>f\u00fcr den Fall, dass f\u00fcr die Weitergabe nach Art. 6 Abs. 1 S. 1 lit. c DSGVO eine gesetzliche Verpflichtung besteht, sowie<\/li>\n<li>dies gesetzlich zul\u00e4ssig und nach Art. 6 Abs. 1 S. 1 lit. b DSGVO f\u00fcr die Abwicklung von Vertragsverh\u00e4ltnissen mit Ihnen erforderlich ist.<\/li>\n<\/ul>\n<ol>\n<li>Rechtsgrundlage f\u00fcr die Verarbeitung der Daten ist bei Vorliegen einer Einwilligung des Nutzers Art. 6 Abs. 1 lit. a DSGVO.Rechtsgrundlage f\u00fcr die Verarbeitung der Daten, die im Zuge einer \u00dcbersendung einer E-Mail \u00fcbermittelt werden, ist Art. 6 Abs. 1 lit. f DSGVO. Zielt der E-Mail-Kontakt auf den Abschluss eines Vertrages ab, so ist zus\u00e4tzliche Rechtsgrundlage f\u00fcr die Verarbeitung Art. 6 Abs. 1 lit. b DSGVO.<\/li>\n<li>Die Verarbeitung der personenbezogenen Daten aus der Eingabemaske dient uns allein zur Bearbeitung der Kontaktaufnahme. Im Falle einer Kontaktaufnahme per E-Mail liegt hieran auch das erforderliche berechtigte Interesse an der Verarbeitung der Daten.<br \/>\nDie sonstigen w\u00e4hrend des Absendevorgangs verarbeiteten personenbezogenen Daten dienen dazu, einen Missbrauch des Kontaktformulars zu verhindern und die Sicherheit unserer informationstechnischen Systeme sicherzustellen.<\/li>\n<\/ol>\n<p>Die Daten werden gel\u00f6scht, sobald sie f\u00fcr die Erreichung des Zweckes ihrer Erhebung nicht mehr erforderlich sind. F\u00fcr die personenbezogenen Daten aus der Eingabemaske des Kontaktformulars und diejenigen, die per E-Mail \u00fcbersandt wurden, ist dies dann der Fall, wenn die jeweilige Konversation mit dem Nutzer beendet ist. Beendet ist die Konversation dann, wenn sich aus den Umst\u00e4nden entnehmen l\u00e4sst, dass der betroffene Sachverhalt abschlie\u00dfend gekl\u00e4rt ist.<\/p>\n<p>Die w\u00e4hrend des Absendevorgangs zus\u00e4tzlich erhobenen personenbezogenen Daten werden sp\u00e4testens nach einer Frist von sieben Tagen gel\u00f6scht.<\/p>\n<p>&nbsp;<\/p>\n<p>&nbsp;<\/p>\n<p><strong>Datenschutzerkl\u00e4rung f\u00fcr die Nutzung von<br \/>\netracker<\/strong><\/p>\n<p>Unsere Webseite nutzt den Analysedienst etracker. Anbieter ist die etracker GmbH,<br \/>\nErste Brunnenstra\u00dfe 1 20459 Hamburg Germany.<br \/>\nAus den Daten k\u00f6nnen unter einem<br \/>\nPseudonym Nutzungsprofile erstellt werden. Dazu k\u00f6nnen Cookies eingesetzt werden. Bei Cookies<br \/>\nhandelt es sich um kleine Textdateien, die lokal im Zwischenspeicher Ihres Internet-Browsers gespeichert<br \/>\nwerden. Die Cookies erm\u00f6glichen es, Ihren Browser wieder zu erkennen. Die mit den etrackerTechnologien erhobenen Daten werden ohne die gesondert erteilte Zustimmung des Betroffenen nicht genutzt,<br \/>\nBesucher unserer Website pers\u00f6nlich zu identifizieren und werden nicht mit personenbezogenen Daten<br \/>\n\u00fcber den Tr\u00e4ger des Pseudonyms zusammengef\u00fchrt.<\/p>\n<p>Der Datenerhebung und &#8211;<br \/>\nspeicherung k\u00f6nnen Sie jederzeit mit Wirkung f\u00fcr die Zukunft widersprechen. Um einer<br \/>\nDatenerhebung und -speicherung Ihrer Besucherdaten f\u00fcr die Zukunft zu widersprechen, k\u00f6nnen Sie<br \/>\nunter nachfolgendem Link ein Opt-Out-Cookie von etracker beziehen, dieser bewirkt, dass zuk\u00fcnftig keine<br \/>\nBesucherdaten Ihres Browsers bei etracker erhoben und gespeichert werden: <a href=\"http:\/\/www.etracker.de\/privacy?et=V23Jbb\">http:\/\/www.etracker.de\/privacy?et=V23Jbb<\/a><\/p>\n<p>Dadurch wird ein Opt-Out-Cookie mit dem Namen &#8222;cntcookie&#8220; von etracker gesetzt. Bitte l\u00f6schen Sie<br \/>\ndiesen Cookie nicht, solange Sie Ihren Widerspruch aufrecht erhalten m\u00f6chten. Weitere Informationen<br \/>\nfinden Sie in den Datenschutzbestimmungen von etracker: <a href=\"http:\/\/www.etracker.com\/de\/datenschutz.html\">http:\/\/www.etracker.com\/de\/datenschutz.html<\/a><\/p>\n<p>&nbsp;<\/p>\n<p><strong>Datenschutzerkl\u00e4rung f\u00fcr die Nutzung von Facebook-Plugins (LikeButton)<\/strong><\/p>\n<p>Auf unseren Seiten sind Plugins des sozialen Netzwerks Facebook, Anbieter<br \/>\nFacebook Inc., 1 Hacker Way, Menlo Park, California 94025, USA, integriert. Die Facebook-Plugins erkennen<br \/>\nSie an dem Facebook-Logo oder dem &#8222;Like-Button&#8220; (&#8222;Gef\u00e4llt mir&#8220;) auf unserer Seite. Eine \u00dcbersicht<br \/>\n\u00fcber die Facebook-Plugins finden Sie hier: <a href=\"http:\/\/developers.facebook.com\/docs\/plugins\/\">http:\/\/developers.facebook.com\/docs\/plugins\/<\/a>.<\/p>\n<p>Wenn Sie unsere Seiten besuchen, wird \u00fcber das Plugin eine direkte Verbindung zwischen Ihrem<br \/>\nBrowser und dem Facebook-Server hergestellt. Facebook erh\u00e4lt dadurch die Information, dass Sie mit<br \/>\nIhrer IP-Adresse unsere Seite besucht haben. Wenn Sie den Facebook &#8222;Like-Button&#8220; anklicken w\u00e4hrend<br \/>\nSie in Ihrem Facebook-Account eingeloggt sind, k\u00f6nnen Sie die Inhalte unserer Seiten auf Ihrem<br \/>\nFacebook-Profil verlinken. Dadurch kann Facebook den Besuch unserer Seiten Ihrem Benutzerkonto zuordnen.<br \/>\nWir weisen darauf hin, dass wir als Anbieter der Seiten keine Kenntnis vom Inhalt der \u00fcbermittelten Daten<br \/>\nsowie deren Nutzung durch Facebook erhalten. Weitere Informationen hierzu finden Sie in der<br \/>\nDatenschutzerkl\u00e4rung von Facebook unter <a href=\"http:\/\/de-de.facebook.com\/policy.php\">http:\/\/dede.facebook.com\/policy.php<\/a>.<\/p>\n<p>Wenn Sie nicht<br \/>\nw\u00fcnschen, dass Facebook den Besuch unserer Seiten Ihrem Facebook- Nutzerkonto zuordnen kann,<br \/>\nloggen Sie sich bitte aus Ihrem Facebook-Benutzerkonto aus.<\/p>\n<p>&nbsp;<\/p>\n<p><strong>Datenschutzerkl\u00e4rung f\u00fcr die Nutzung von Google Analytics<\/strong><\/p>\n<p>Diese<br \/>\nWebsite nutzt Funktionen des&nbsp; Webanalysedienstes Google Analytics. Anbieter ist die Google Inc. 1600<br \/>\nAmphitheatre Parkway Mountain View, CA 94043, USA. Google Analytics verwendet sog. &#8222;Cookies&#8220;. Das sind<br \/>\nTextdateien, die auf Ihrem Computer gespeichert werden und die eine Analyse der Benutzung der Website<br \/>\ndurch Sie erm\u00f6glichen. Die durch den Cookie erzeugten Informationen \u00fcber Ihre Benutzung dieser<br \/>\nWebsite werden in der Regel an einen Server von Google in den USA \u00fcbertragen und dort<br \/>\ngespeichert.<\/p>\n<p>Im Falle der Aktivierung der IP-Anonymisierung auf dieser Webseite wird Ihre IP-Adresse<br \/>\nvon Google jedoch innerhalb von Mitgliedstaaten der Europ\u00e4ischen Union oder in anderen Vertragsstaaten<br \/>\ndes Abkommens \u00fcber den Europ\u00e4ischen Wirtschaftsraum zuvor gek\u00fcrzt. Nur in<br \/>\nAusnahmef\u00e4llen wird die volle IP-Adresse an einen Server von Google in den USA \u00fcbertragen und<br \/>\ndort gek\u00fcrzt. Im Auftrag des Betreibers dieser Website wird Google diese Informationen benutzen, um Ihre<br \/>\nNutzung der Website auszuwerten, um Reports \u00fcber die Websiteaktivit\u00e4ten zusammenzustellen und<br \/>\num weitere mit der Websitenutzung und der Internetnutzung verbundene Dienstleistungen gegen\u00fcber dem<br \/>\nWebsitebetreiber zu erbringen. Die im Rahmen von Google Analytics von Ihrem Browser \u00fcbermittelte IPAdresse wird nicht mit anderen Daten von Google zusammengef\u00fchrt.<\/p>\n<p>Sie k\u00f6nnen die<br \/>\nSpeicherung der Cookies durch eine entsprechende Einstellung Ihrer Browser-Software verhindern; wir weisen<br \/>\nSie jedoch darauf hin, dass Sie in diesem Fall gegebenenfalls nicht s\u00e4mtliche Funktionen dieser Website<br \/>\nvollumf\u00e4nglich werden nutzen k\u00f6nnen. Sie k\u00f6nnen dar\u00fcber hinaus die Erfassung der<br \/>\ndurch das Cookie erzeugten und auf Ihre Nutzung der Website bezogenen Daten (inkl. Ihrer IP-Adresse) an<br \/>\nGoogle sowie die Verarbeitung dieser Daten durch Google verhindern, indem sie das unter dem folgenden Link<br \/>\nverf\u00fcgbare Browser-Plugin herunterladen und installieren: <a href=\"http:\/\/tools.google.com\/dlpage\/gaoptout?hl=de\">http:\/\/tools.google.com\/dlpage\/gaoptout?hl=de<\/a><\/p>\n<p>&nbsp;<\/p>\n<p><strong>Datenschutzerkl\u00e4rung f\u00fcr die Nutzung von Google +1<\/strong><\/p>\n<p>Unsere Seiten<br \/>\nnutzen Funktionen von Google +1. Anbieter ist die Google Inc. 1600 Amphitheatre Parkway Mountain View, CA<br \/>\n94043,&nbsp; USA.<\/p>\n<p>Erfassung und Weitergabe von Informationen: Mithilfe der Google +1-<br \/>\nSchaltfl\u00e4che k\u00f6nnen Sie Informationen weltweit ver\u00f6ffentlichen. \u00fcber die Google +1-<br \/>\nSchaltfl\u00e4che erhalten Sie und andere Nutzer personalisierte Inhalte von Google und unseren Partnern.<br \/>\nGoogle speichert sowohl die Information, dass Sie f\u00fcr einen Inhalt +1 gegeben haben, als auch<br \/>\nInformationen \u00fcber die Seite, die Sie beim Klicken auf +1 angesehen haben. Ihre +1 k\u00f6nnen als<br \/>\nHinweise zusammen mit Ihrem Profilnamen und Ihrem Foto in Google-Diensten, wie etwa in Suchergebnissen<br \/>\noder in Ihrem Google-Profil, oder an anderen Stellen auf Websites und Anzeigen im Internet eingeblendet<br \/>\nwerden. Google zeichnet Informationen \u00fcber Ihre +1-Aktivit\u00e4ten auf, um die Google-Dienste f\u00fcr<br \/>\nSie und andere zu verbessern. Um die Google +1-Schaltfl\u00e4che verwenden zu k\u00f6nnen,<br \/>\nben\u00f6tigen Sie ein weltweit sichtbares, \u00f6ffentliches Google-Profil, das zumindest den f\u00fcr das<br \/>\nProfil gew\u00e4hlten Namen enthalten muss. Dieser Name wird in allen Google-Diensten verwendet. In<br \/>\nmanchen F\u00e4llen kann dieser Name auch einen anderen Namen ersetzen, den Sie beim Teilen von Inhalten<br \/>\n\u00fcber Ihr Google-Konto verwendet haben. Die Identit\u00e4t Ihres Google- Profils kann Nutzern angezeigt<br \/>\nwerden, die Ihre E-Mail-Adresse kennen oder \u00fcber andere identifizierende Informationen von Ihnen<br \/>\nverf\u00fcgen.<\/p>\n<p>Verwendung der erfassten Informationen: Neben den oben erl\u00e4uterten<br \/>\nVerwendungszwecken werden die von Ihnen bereitgestellten Informationen gem\u00e4\u00df den geltenden<br \/>\nGoogle-Datenschutzbestimmungen genutzt. Google ver\u00f6ffentlicht m\u00f6glicherweise<br \/>\nzusammengefasste Statistiken \u00fcber die +1-Aktivit\u00e4ten der Nutzer bzw. gibt diese an Nutzer und<br \/>\nPartner weiter, wie etwa Publisher, Inserenten oder verbundene Websites.<\/p>\n<p>&nbsp;<\/p>\n<p><strong>Auskunft, L\u00f6schung, Sperrung<\/strong><\/p>\n<p>Sie haben jederzeit das Recht auf<br \/>\nunentgeltliche Auskunft \u00fcber Ihre gespeicherten personenbezogenen Daten, deren Herkunft und<br \/>\nEmpf\u00e4nger und den Zweck der Datenverarbeitung sowie ein Recht auf Berichtigung, Sperrung oder<br \/>\nL\u00f6schung dieser Daten. Hierzu sowie zu weiteren Fragen zum Thema personenbezogene Daten<br \/>\nk\u00f6nnen Sie sich jederzeit unter der im Impressum angegebenen Adresse an uns wenden.<\/p>\n<p>&nbsp;<\/p>\n<p><strong>Cookies<\/strong><\/p>\n<p>Die Internetseiten verwenden teilweise so genannte<br \/>\nCookies. Cookies richten auf Ihrem Rechner keinen Schaden an und enthalten keine Viren. Cookies dienen<br \/>\ndazu, unser Angebot nutzerfreundlicher, effektiver und sicherer zu machen. Cookies sind kleine Textdateien, die<br \/>\nauf Ihrem Rechner abgelegt werden und die Ihr Browser speichert.<\/p>\n<p>Die meisten der von uns<br \/>\nverwendeten Cookies sind so genannte \u201eSession-Cookies\u201c. Sie werden nach Ende Ihres Besuchs<br \/>\nautomatisch gel\u00f6scht. Andere Cookies bleiben auf Ihrem Endger\u00e4t gespeichert, bis Sie diese<br \/>\nl\u00f6schen. Diese Cookies erm\u00f6glichen es uns, Ihren Browser beim n\u00e4chsten Besuch<br \/>\nwiederzuerkennen.<\/p>\n<p>Sie k\u00f6nnen Ihren Browser so einstellen, dass Sie \u00fcber das Setzen von<br \/>\nCookies informiert werden und Cookies nur im Einzelfall erlauben, die Annahme von Cookies f\u00fcr<br \/>\nbestimmte F\u00e4lle oder generell ausschlie\u00dfen sowie das automatische L\u00f6schen der Cookies beim<br \/>\nSchlie\u00dfen des Browser aktivieren. Bei der Deaktivierung von Cookies kann die Funktionalit\u00e4t dieser<br \/>\nWebsite eingeschr\u00e4nkt sein.<\/p>\n<p>&nbsp;<\/p>\n<p><strong>Server-Log-Files<\/strong><\/p>\n<p>Der<br \/>\nProvider der Seiten erhebt und speichert automatisch Informationen in so genannten Server-Log Files, die Ihr<br \/>\nBrowser automatisch an uns \u00fcbermittelt. Dies sind:<\/p>\n<ul>\n<li>Browsertyp\/ Browserversion<\/li>\n<li>verwendetes Betriebssystem<\/li>\n<li>Referrer URL<\/li>\n<li>Hostname des zugreifenden Rechners<\/li>\n<li>Uhrzeit der Serveranfrage<\/li>\n<\/ul>\n<p>Diese Daten sind nicht bestimmten Personen zuordenbar.<br \/>\nEine Zusammenf\u00fchrung dieser Daten mit anderen Datenquellen wird nicht vorgenommen. Wir behalten<br \/>\nuns vor, diese Daten nachtr\u00e4glich zu pr\u00fcfen, wenn uns konkrete Anhaltspunkte f\u00fcr eine<br \/>\nrechtswidrige Nutzung bekannt werden.<\/p>\n<p>&nbsp;<\/p>\n<p><strong>Kontaktformular<\/strong><\/p>\n<p>Wenn Sie uns per Kontaktformular (oder Anh\u00e4ngerkonfigurator) Anfragen zukommen lassen, werden Ihre Angaben aus dem<br \/>\nAnfrageformular inklusive der von Ihnen dort angegebenen Kontaktdaten zwecks Bearbeitung der Anfrage und<br \/>\nf\u00fcr den Fall von Anschlussfragen bei uns gespeichert. Diese Daten geben wir nicht ohne Ihre Einwilligung<br \/>\nweiter.<\/p>\n<p>Wir speichern Ihre Daten nur so lange, wie es zur Bearbeitung Ihrer Anfrage bzw. zur Umsetzung Ihres Auftrages an uns n\u00f6tig ist.<\/p>\n<p>Sie k\u00f6nnen jeder Zeit das sofortige L\u00f6schen Ihrer Pers\u00f6nlichen Daten verlangen.<\/p>\n<p>&nbsp;<\/p>\n<p><strong>Widerspruch Werbe-Mails<\/strong><\/p>\n<p>Der Nutzung von im<br \/>\nRahmen der Impressumspflicht ver\u00f6ffentlichten Kontaktdaten zur \u00dcbersendung von nicht<br \/>\nausdr\u00fccklich angeforderter Werbung und Informationsmaterialien wird hiermit widersprochen. Die Betreiber<br \/>\nder Seiten behalten sich ausdr\u00fccklich rechtliche Schritte im Falle der unverlangten Zusendung von<br \/>\nWerbeinformationen, etwa durch Spam-E-Mails, vor.<\/p>\n<p>&nbsp;<\/p>\n<p>&nbsp;<\/p>\n<p><strong>Datenschutzbeauftragter<\/strong><\/p>\n<p>Als&nbsp;Datenschutzbeauftragter ist Dirk Toenies anzusprechen.<\/p>\n","protected":false},"excerpt":{"rendered":"<p>Datenschutzerkl\u00e4rung: Datenschutz &nbsp; Die Betreiber dieser Seiten nehmen den Schutz Ihrer pers\u00f6nlichen Daten sehr ernst. Wir behandeln Ihre personenbezogenen Daten vertraulich und entsprechend der gesetzlichen Datenschutzvorschriften sowie dieser Datenschutzerkl\u00e4rung. Die Nutzung unserer Webseite ist in der Regel ohne Angabe personenbezogener Daten m\u00f6glich. Soweit auf unseren Seiten personenbezogene Daten (beispielsweise Name, Anschrift oder E-Mail-Adressen) erhoben werden,&hellip; <br \/> <a class=\"read-more\" href=\"https:\/\/22.alutraum.com\/?page_id=631\">Weiterlesen<\/a><\/p>\n","protected":false},"author":1,"featured_media":0,"parent":10094,"menu_order":0,"comment_status":"closed","ping_status":"closed","template":"","meta":{"ngg_post_thumbnail":0,"footnotes":""},"class_list":["post-631","page","type-page","status-publish","hentry"],"_links":{"self":[{"href":"https:\/\/22.alutraum.com\/index.php?rest_route=\/wp\/v2\/pages\/631","targetHints":{"allow":["GET"]}}],"collection":[{"href":"https:\/\/22.alutraum.com\/index.php?rest_route=\/wp\/v2\/pages"}],"about":[{"href":"https:\/\/22.alutraum.com\/index.php?rest_route=\/wp\/v2\/types\/page"}],"author":[{"embeddable":true,"href":"https:\/\/22.alutraum.com\/index.php?rest_route=\/wp\/v2\/users\/1"}],"replies":[{"embeddable":true,"href":"https:\/\/22.alutraum.com\/index.php?rest_route=%2Fwp%2Fv2%2Fcomments&post=631"}],"version-history":[{"count":10,"href":"https:\/\/22.alutraum.com\/index.php?rest_route=\/wp\/v2\/pages\/631\/revisions"}],"predecessor-version":[{"id":11351,"href":"https:\/\/22.alutraum.com\/index.php?rest_route=\/wp\/v2\/pages\/631\/revisions\/11351"}],"up":[{"embeddable":true,"href":"https:\/\/22.alutraum.com\/index.php?rest_route=\/wp\/v2\/pages\/10094"}],"wp:attachment":[{"href":"https:\/\/22.alutraum.com\/index.php?rest_route=%2Fwp%2Fv2%2Fmedia&parent=631"}],"curies":[{"name":"wp","href":"https:\/\/api.w.org\/{rel}","templated":true}]}}