{"id":461,"date":"2016-10-18T19:29:45","date_gmt":"2016-10-18T17:29:45","guid":{"rendered":"https:\/\/22.alutraum.com\/?page_id=461"},"modified":"2025-07-22T10:03:35","modified_gmt":"2025-07-22T09:03:35","slug":"impressum","status":"publish","type":"page","link":"https:\/\/22.alutraum.com\/?page_id=461","title":{"rendered":"Impressum"},"content":{"rendered":"<h1>&nbsp;<\/h1>\n<h2>Angaben gem\u00e4\u00df \u00a7 5 TMG<\/h2>\n<p>Dirk T\u00f6nies<br \/>Metallbau und Anh\u00e4ngervertrieb<br \/>Industriestrasse 8<br \/>59387 Ascheberg<\/p>\n<p>Handelsregister: 41137134<br \/>Registergericht: AG L\u00fcdinghausen<\/p>\n<h2>Kontakt<\/h2>\n<p><img loading=\"lazy\" decoding=\"async\" class=\"size-thumbnail wp-image-9982 alignleft\" src=\"https:\/\/22.alutraum.com\/wp-content\/uploads\/2021\/03\/K2-185x71.jpg\" alt=\"\" width=\"185\" height=\"71\" srcset=\"https:\/\/22.alutraum.com\/wp-content\/uploads\/2021\/03\/K2-185x71.jpg 185w, https:\/\/22.alutraum.com\/wp-content\/uploads\/2021\/03\/K2.jpg 224w\" sizes=\"auto, (max-width: 185px) 100vw, 185px\" \/><\/p>\n<p>&nbsp;<\/p>\n<p>&nbsp;<\/p>\n<p>&nbsp;<\/p>\n<h2>Umsatzsteuer-ID<\/h2>\n<p>Umsatzsteuer-Identifikationsnummer gem\u00e4\u00df \u00a727 a Umsatzsteuergesetz:<br \/>333\/5139\/1885<\/p>\n<p><strong>Ust-IdNr.:&nbsp; DE226839667<\/strong><\/p>\n<p>&nbsp;<\/p>\n<h2><strong>Hinweise zu Abmahnungen:<\/strong>&nbsp;<\/h2>\n<p><strong>Keine Abmahnung ohne einen vorherigen Kontakt mit uns. Die Kostennote einer Abmahnung ohne vorherige Kontaktaufnahme mit uns wird im Sinne der Schadensminderungspflicht als unbegr\u00fcndet zur\u00fcckgewiesen. Sollten Sie Beschwerden gegen diese Seite haben oder Verst\u00f6\u00dfe gegen geltendes Recht feststellen, so setzen Sie sich umgehend mit uns in Verbindung. Wir werden Ihr Anliegen unverz\u00fcglich bearbeiten und nach weiterer Pr\u00fcfung umgehend darauf reagieren.<\/strong><\/p>\n<p>&nbsp;<\/p>\n<h2>&nbsp;<\/h2>\n<h2>Angaben zur Berufshaftpflichtversicherung<\/h2>\n<h2><strong style=\"font-size: 16px;\">Name und Sitz des Versicherers:<\/strong><\/h2>\n<p>SIGNAL IDUNA<br \/>Joseph-Scherer-Str. 3<br \/>44139 Dortmund<\/p>\n<p><strong>Geltungsraum der Versicherung:<\/strong><br \/>weltweit<\/p>\n<p>&nbsp;<\/p>\n<h2>Streitschlichtung<\/h2>\n<p>Wir sind nicht bereit oder verpflichtet, an Streitbeilegungsverfahren vor einer Verbraucherschlichtungsstelle teilzunehmen.<\/p>\n<h3>Haftung f\u00fcr Inhalte<\/h3>\n<p>Als Diensteanbieter sind wir gem\u00e4\u00df \u00a7 7 Abs.1 TMG f\u00fcr eigene Inhalte auf diesen Seiten nach den allgemeinen Gesetzen verantwortlich. Nach \u00a7\u00a7 8 bis 10 TMG sind wir als Diensteanbieter jedoch nicht verpflichtet, \u00fcbermittelte oder gespeicherte fremde Informationen zu \u00fcberwachen oder nach Umst\u00e4nden zu forschen, die auf eine rechtswidrige T\u00e4tigkeit hinweisen.<\/p>\n<p>Verpflichtungen zur Entfernung oder Sperrung der Nutzung von Informationen nach den allgemeinen Gesetzen bleiben hiervon unber\u00fchrt. Eine diesbez\u00fcgliche Haftung ist jedoch erst ab dem Zeitpunkt der Kenntnis einer konkreten Rechtsverletzung m\u00f6glich. Bei Bekanntwerden von entsprechenden Rechtsverletzungen werden wir diese Inhalte umgehend entfernen.<\/p>\n<h3>Haftung f\u00fcr Links<\/h3>\n<p>Unser Angebot enth\u00e4lt Links zu externen Websites Dritter, auf deren Inhalte wir keinen Einfluss haben. Deshalb k\u00f6nnen wir f\u00fcr diese fremden Inhalte auch keine Gew\u00e4hr \u00fcbernehmen. F\u00fcr die Inhalte der verlinkten Seiten ist stets der jeweilige Anbieter oder Betreiber der Seiten verantwortlich. Die verlinkten Seiten wurden zum Zeitpunkt der Verlinkung auf m\u00f6gliche Rechtsverst\u00f6\u00dfe \u00fcberpr\u00fcft. Rechtswidrige Inhalte waren zum Zeitpunkt der Verlinkung nicht erkennbar.<\/p>\n<p>Eine permanente inhaltliche Kontrolle der verlinkten Seiten ist jedoch ohne konkrete Anhaltspunkte einer Rechtsverletzung nicht zumutbar. Bei Bekanntwerden von Rechtsverletzungen werden wir derartige Links umgehend entfernen.<\/p>\n<h3>Urheberrecht<\/h3>\n<p>Die durch die Seitenbetreiber erstellten Inhalte und Werke auf diesen Seiten unterliegen dem deutschen Urheberrecht. Die Vervielf\u00e4ltigung, Bearbeitung, Verbreitung und jede Art der Verwertung au\u00dferhalb der Grenzen des Urheberrechtes bed\u00fcrfen der schriftlichen Zustimmung des jeweiligen Autors bzw. Erstellers. Downloads und Kopien dieser Seite sind nur f\u00fcr den privaten, nicht kommerziellen Gebrauch gestattet.<\/p>\n<p>Soweit die Inhalte auf dieser Seite nicht vom Betreiber erstellt wurden, werden die Urheberrechte Dritter beachtet. Insbesondere werden Inhalte Dritter als solche gekennzeichnet. Sollten Sie trotzdem auf eine Urheberrechtsverletzung aufmerksam werden, bitten wir um einen entsprechenden Hinweis. Bei Bekanntwerden von Rechtsverletzungen werden wir derartige Inhalte umgehend entfernen.<\/p>\n<p>Quelle: <a href=\"https:\/\/www.e-recht24.de\">https:\/\/www.e-recht24.de<\/a><\/p>\n<p>&nbsp;<\/p>\n<p>weitere Hinweise :<\/p>\n<p>&nbsp;<\/p>\n<p>X-Facebook: from zuckmail ([MTI3LjAuMC4x])<br \/>by www.facebook.com with HTTP (ZuckMail);<br \/>Date: Wed, 16 Mar 2011 00:33:36 -0700<br \/>To: Manuel Essenberg<\/p>\n<p>Michael Bense<\/p>\n<p>Betreff: Bilder anh\u00e4nger<\/p>\n<p>Hallo Manuel,<\/p>\n<p>hiermit erteile ich dir die Erlaubnis die Anh\u00e4ngerbilder vom Alutraum gefertigten Anh\u00e4nger in euren Webseiten zu verwenden.<\/p>\n<p>Michael Bense<\/p>\n<hr \/>\n<p>&nbsp;<\/p>\n<p><br \/>Genehmigung f\u00fcr die Verlinkung mit mobile.de :<\/p>\n<p>Sehr geehrte Damen und Herren,<\/p>\n<p>vielen Dank f\u00fcr Ihre eMail.<br \/>Sie d\u00fcrfen die H\u00e4ndlerhomepage von mobile.de so in die Seite einbauen.<\/p>\n<p>Mit freundlichen Gr\u00fc\u00dfen<br \/>Ihr mobile.de Team<\/p>\n<p>Marc Bischoff<br \/>Kundenservice<\/p>\n<p>mobile.international GmbH<br \/>Marktplatz 1, D-14532 Europarc Dreilinden<br \/>web: http:\/\/www.mobile.de<\/p>\n<p>Gesch\u00e4ftsf\u00fchrer: Peter F. Schmid<br \/>HRB Nr.: 18517 P,&nbsp; Amtsgericht Potsdam<br \/>Sitz der Gesellschaft: Kleinmachnow<br \/>Genehmigung f\u00fcr die Verlinkung mit Autohaus B\u00fcscher :<\/p>\n<p>telefonisch erteilt von Markus B\u00fcscher am 18.01.2010<\/p>\n\n<p><b>Information according to \u00a7 5 DDG <\/b><\/p><p>Metallbau und Anh&auml;ngervertrieb<br \/>Dirk T&ouml;nies<br\/>Industriestrasse 8<br\/>59387 Ascheberg<br\/>Deutschland<br\/><\/p><p><b>Vertreten durch:<\/b> Dirk T&ouml;nies<br\/><\/p><p><b>Kontakt:<\/b><br\/>Telefon: 02593 7235<br\/>Fax: 02593 982600<br\/>E-Mail: <span style=\"display: none !important;\">2SzmTMAjftG6tBG<\/span>info<span style=\"display: none !important;\">PJAUapdXvdPT7sQ<\/span>@<span style=\"display: none !important;\">HMimZ5eGOrHQiER<\/span>alutraum.de<span style=\"display: none !important;\">AkHPhMEWWUHZu1G<\/span><br\/><\/p><p><b>Umsatzsteuernummer:<\/b> DE226839667<\/p>\n<p><b>Wirtschafts-ID:<\/b> 333\/5139\/1885<\/p><p><b>Haftungsausschluss<\/b><br \/><\/p><p><b>Haftung f\u00fcr Links:<\/b><br\/>Unser Angebot enth\u00e4lt Links zu externen Webseiten Dritter, auf deren Inhalte wir keinen Einfluss haben. Deshalb k\u00f6nnen wir f\u00fcr diese fremden Inhalte auch keine Gew\u00e4hr \u00fcbernehmen. F\u00fcr die Inhalte der verlinkten Seiten ist stets der jeweilige Anbieter oder Betreiber der Seiten verantwortlich. Die verlinkten Seiten wurden zum Zeitpunkt der Verlinkung auf m\u00f6gliche Rechtsverst\u00f6\u00dfe \u00fcberpr\u00fcft. Rechtswidrige Inhalte waren zum Zeitpunkt der Verlinkung nicht erkennbar. Eine permanente inhaltliche Kontrolle der verlinkten Seiten ist jedoch ohne konkrete Anhaltspunkte einer Rechtsverletzung nicht zumutbar. Bei Bekanntwerden von Rechtsverletzungen werden wir derartige Links umgehend entfernen.<\/p><p><b>Haftung f\u00fcr Inhalt:<\/b><br\/>The contents of our pages were created with the greatest care. However, we cannot assume any liability for the correctness, completeness and topicality of the contents. As a service provider, we are responsible for our own content on these pages in accordance with \u00a7 5 DDG and general laws. According to \u00a7 5 DDG we are not obliged to monitor transmitted or stored information from third parties or to investigate circumstances that indicate illegal activity. Obligations to remove or block the use of information according to general laws remain unaffected. However, liability in this respect is only possible from the time of knowledge of a concrete infringement. If we become aware of any such violations, we will remove the content in question immediately.<\/p><p><b>Urheberrecht<\/b><br \/>Die durch die Seitenbetreiber erstellten Inhalte und Werke auf diesen Seiten unterliegen dem deutschen Urheberrecht. Die Vervielf\u00e4ltigung, Bearbeitung, Verbreitung und jede Art der Verwertung au\u00dferhalb der Grenzen des Urheberrechtes bed\u00fcrfen der schriftlichen Zustimmung des jeweiligen Autors bzw. Erstellers. Downloads und Kopien dieser Seite sind nur f\u00fcr den privaten, nicht kommerziellen Gebrauch gestattet. Soweit die Inhalte auf dieser Seite nicht vom Betreiber erstellt wurden, werden die Urheberrechte Dritter beachtet. Insbesondere werden Inhalte Dritter als solche gekennzeichnet. Sollten Sie trotzdem auf eine Urheberrechtsverletzung aufmerksam werden, bitten wir um einen entsprechenden Hinweis. Bei Bekanntwerden von Rechtsverletzungen werden wir derartige Inhalte umgehend entfernen.<\/p>\n\n\n\n<p><\/p>\n","protected":false},"excerpt":{"rendered":"<p>&nbsp; Angaben gem\u00e4\u00df \u00a7 5 TMG Dirk T\u00f6niesMetallbau und Anh\u00e4ngervertriebIndustriestrasse 859387 Ascheberg Handelsregister: 41137134Registergericht: AG L\u00fcdinghausen Kontakt &nbsp; &nbsp; &nbsp; Umsatzsteuer-ID Umsatzsteuer-Identifikationsnummer gem\u00e4\u00df \u00a727 a Umsatzsteuergesetz:333\/5139\/1885 Ust-IdNr.:&nbsp; DE226839667 &nbsp; Hinweise zu Abmahnungen:&nbsp; Keine Abmahnung ohne einen vorherigen Kontakt mit uns. Die Kostennote einer Abmahnung ohne vorherige Kontaktaufnahme mit uns wird im Sinne der Schadensminderungspflicht als&hellip; <br \/> <a class=\"read-more\" href=\"https:\/\/22.alutraum.com\/?page_id=461\">Weiterlesen<\/a><\/p>\n","protected":false},"author":1,"featured_media":0,"parent":0,"menu_order":0,"comment_status":"closed","ping_status":"closed","template":"","meta":{"ngg_post_thumbnail":0,"footnotes":""},"class_list":["post-461","page","type-page","status-publish","hentry"],"_links":{"self":[{"href":"https:\/\/22.alutraum.com\/index.php?rest_route=\/wp\/v2\/pages\/461","targetHints":{"allow":["GET"]}}],"collection":[{"href":"https:\/\/22.alutraum.com\/index.php?rest_route=\/wp\/v2\/pages"}],"about":[{"href":"https:\/\/22.alutraum.com\/index.php?rest_route=\/wp\/v2\/types\/page"}],"author":[{"embeddable":true,"href":"https:\/\/22.alutraum.com\/index.php?rest_route=\/wp\/v2\/users\/1"}],"replies":[{"embeddable":true,"href":"https:\/\/22.alutraum.com\/index.php?rest_route=%2Fwp%2Fv2%2Fcomments&post=461"}],"version-history":[{"count":10,"href":"https:\/\/22.alutraum.com\/index.php?rest_route=\/wp\/v2\/pages\/461\/revisions"}],"predecessor-version":[{"id":14397,"href":"https:\/\/22.alutraum.com\/index.php?rest_route=\/wp\/v2\/pages\/461\/revisions\/14397"}],"wp:attachment":[{"href":"https:\/\/22.alutraum.com\/index.php?rest_route=%2Fwp%2Fv2%2Fmedia&parent=461"}],"curies":[{"name":"wp","href":"https:\/\/api.w.org\/{rel}","templated":true}]}}