{"id":10094,"date":"2021-10-11T12:14:39","date_gmt":"2021-10-11T11:14:39","guid":{"rendered":"https:\/\/22.alutraum.com\/?page_id=10094"},"modified":"2024-03-16T15:29:08","modified_gmt":"2024-03-16T14:29:08","slug":"service","status":"publish","type":"page","link":"https:\/\/22.alutraum.com\/?page_id=10094","title":{"rendered":"Service"},"content":{"rendered":"\n<p><\/p>\n\n\n\n<div class=\"wp-block-columns are-vertically-aligned-top is-not-stacked-on-mobile is-layout-flex wp-container-core-columns-is-layout-9d6595d7 wp-block-columns-is-layout-flex\">\n<div class=\"wp-block-column is-vertically-aligned-top is-layout-flow wp-block-column-is-layout-flow\" style=\"flex-basis:350px\">\n<h3 class=\"wp-block-heading\"><\/h3>\n\n\n\n<div class=\"wp-block-group has-black-color has-text-color has-link-color has-small-font-size wp-elements-e9935dd58630adf7253492416468cfdb is-vertical is-nowrap is-layout-flex wp-container-core-group-is-layout-947ac36b wp-block-group-is-layout-flex\"><\/div>\n<\/div>\n<\/div>\n\n\n\n<p><\/p>\n\n\n\n<details class=\"wp-block-details is-layout-flow wp-block-details-is-layout-flow\" open><summary>Anh\u00e4ngerservice<br \/><\/summary>\n<p><\/p>\n\n\n\n<h4 class=\"wp-block-heading\">Jetzt einen Termin vereinbaren unter 02593 7235 <\/h4>\n\n\n\n<p><\/p>\n\n\n\n<p><\/p>\n\n\n\n<p><strong>Anh\u00e4nger weisen als Nutzfahrzeuge h\u00e4ufig Verschlei\u00dferscheinungen auf und bed\u00fcrfen somit regelm\u00e4\u00dfiger Wartung zur Gew\u00e4hrleistung der Verkehrssicherheit.<\/strong><\/p>\n\n\n\n<p class=\"has-text-align-left\"><\/p>\n\n\n\n<p><strong>Deshalb vor der HU zum Alutaum HU-Check !<\/strong>  <strong>Wir \u00fcberpr\u00fcfen :<\/strong><\/p>\n\n\n\n<div class=\"wp-block-group\"><div class=\"wp-block-group__inner-container is-layout-constrained wp-block-group-is-layout-constrained\">\n<figure class=\"wp-block-table is-style-regular has-small-font-size\" style=\"text-transform:capitalize\"><table class=\"has-black-color has-text-color has-link-color\"><tbody><tr><td>Kontrolle : Reifendruck <a href=\"https:\/\/22.alutraum.com\/wp-content\/uploads\/2021\/10\/Reifendruck.jpg\" target=\"_blank\" rel=\"noreferrer noopener\">( zur Tabelle )<\/a><\/td><\/tr><tr><td>Kontrolle : Reifenprofil<\/td><\/tr><tr><td>Kontrolle : Radmuttern<\/td><\/tr><tr><td>Kontrolle : Radlager<\/td><\/tr><tr><td>Kontrolle : St\u00fctzrad<\/td><\/tr><tr><td>Kontrolle : Auflaufeinrichtung\/Bremse\/Feststellbremse + nachstellen<\/td><\/tr><tr><td>Kontrolle : Elektrik \/ Beleuchtung \/ Stecker<\/td><\/tr><tr><td>Kontrolle : Scharniere<\/td><\/tr><tr><td>Kontrolle : Klappen<\/td><\/tr><tr><td>Kontrolle : Stossd\u00e4mpfer<\/td><\/tr><tr><td>Kontrolle : Gasdruckd\u00e4mpfer<\/td><\/tr><tr><td>Kontrolle : Aufbau<\/td><\/tr><tr><td>Kontrolle : Rahmen<\/td><\/tr><tr><td>Kontrolle : Anh\u00e4nger Boden<\/td><\/tr><tr><td>Kontrolle : Plane<\/td><\/tr><tr><td>Kontrolle : Rampen<\/td><\/tr><tr><td>Kontrolle : St\u00fctzen<\/td><\/tr><tr><td>abfetten\/schmieren<\/td><\/tr><\/tbody><\/table><\/figure>\n<\/div><\/div>\n\n\n\n<p class=\"has-drop-cap\"><strong>Diese Bauteile untersuchen auch die Pr\u00fcfer bei der zweij\u00e4hrlichen Hauptuntersuchung gr\u00fcndlich auf Defekte und Verschlei\u00dferscheinungen. Wir pr\u00fcfen Ihren Anh\u00e4nger bereits vor den Experten von T\u00dcV &amp; Co und f\u00fchren nach Absprache mit Ihnen notwendige Instandsetzungsarbeiten durch.<\/strong><\/p>\n\n\n\n<p><strong>Ersparen Sie sich nicht nur die erneute Fahrt zur Pr\u00fcforganisation, sondern auch zus\u00e4tzliche Kosten.<\/strong><\/p>\n\n\n\n<p><strong>Wir bieten Ihnen eine umfassende Instandsetzung f\u00fcr Ihren Anh\u00e4nger<\/strong> <strong>an.<\/strong><\/p>\n\n\n\n<p class=\"has-small-font-size\"><strong>Nat\u00fcrlich reparieren wir Ihren Anh\u00e4nger auch unabh\u00e4ngig von der HU :<\/strong><\/p>\n\n\n\n<p><strong><br \/>Ist aufgrund von Verschlei\u00dferscheinungen oder einem Unfall eine Instandsetzung notwendig, f\u00fchrt unser kompetentes Team zun\u00e4chst eine detaillierte Schadensanalyse inklusive Kostenvoranschlag durch. Anhand dessen entscheiden Sie, welche Reparaturen wir f\u00fcr Sie durchf\u00fchren sollen.<\/strong><\/p>\n\n\n\n<p><strong>Durch moderne Technik und erfahrene Mitarbeiter sind wir in der Lage jedes Fabrikat instand zu setzen.<\/strong><\/p>\n\n\n\n<p><strong>Individuelle Anpassungen nach Ihren Anforderungen<\/strong> <strong>!<\/strong><\/p>\n\n\n\n<p><strong>Selten entsprechen Anh\u00e4nger genau den Bed\u00fcrfnissen ihres Besitzers. F\u00fcr den professionellen  Um- und Anbau Ihres Anh\u00e4ngers sind wir der richtige Ansprechpartner.<\/strong><\/p>\n\n\n\n<hr class=\"wp-block-separator has-alpha-channel-opacity\"\/>\n\n\n\n<p><\/p>\n\n\n\n<p class=\"has-drop-cap has-medium-font-size\"><strong>Auch die Erstellung von Plane Spriegel Aufbauten werden von uns regelm\u00e4\u00dfig durchgef\u00fchrt &#8211; immer in Form- und Designvorgabe der Kunden. Sprechen Sie uns an, ein Angebot dazu dauert nur wenige Minuten, die Umsetzung selten l\u00e4nger als 2 Wochen !<\/strong><\/p>\n\n\n\n<p><\/p>\n\n\n\n<p><\/p>\n\n\n\n<p><\/p>\n\n\n\n<hr class=\"wp-block-separator has-alpha-channel-opacity\"\/>\n<\/details>\n\n\n\n<figure class=\"wp-block-gallery has-nested-images columns-default is-cropped wp-block-gallery-1 is-layout-flex wp-block-gallery-is-layout-flex\">\n<figure class=\"wp-block-image size-large\"><img loading=\"lazy\" decoding=\"async\" width=\"558\" height=\"768\" data-id=\"11086\" src=\"https:\/\/22.alutraum.com\/wp-content\/uploads\/2021\/11\/Markeneintrag-558x768.jpg\" alt=\"\" class=\"wp-image-11086\" srcset=\"https:\/\/22.alutraum.com\/wp-content\/uploads\/2021\/11\/Markeneintrag-558x768.jpg 558w, https:\/\/22.alutraum.com\/wp-content\/uploads\/2021\/11\/Markeneintrag-349x480.jpg 349w, https:\/\/22.alutraum.com\/wp-content\/uploads\/2021\/11\/Markeneintrag-116x160.jpg 116w, https:\/\/22.alutraum.com\/wp-content\/uploads\/2021\/11\/Markeneintrag-768x1056.jpg 768w, https:\/\/22.alutraum.com\/wp-content\/uploads\/2021\/11\/Markeneintrag-1117x1536.jpg 1117w, https:\/\/22.alutraum.com\/wp-content\/uploads\/2021\/11\/Markeneintrag-1489x2048.jpg 1489w, https:\/\/22.alutraum.com\/wp-content\/uploads\/2021\/11\/Markeneintrag.jpg 1700w\" sizes=\"auto, (max-width: 558px) 100vw, 558px\" \/><\/figure>\n\n\n\n<figure class=\"wp-block-image size-large\"><img loading=\"lazy\" decoding=\"async\" width=\"511\" height=\"768\" data-id=\"10043\" src=\"https:\/\/22.alutraum.com\/wp-content\/uploads\/2021\/09\/Beladen-1-511x768.jpg\" alt=\"\" class=\"wp-image-10043\" srcset=\"https:\/\/22.alutraum.com\/wp-content\/uploads\/2021\/09\/Beladen-1-511x768.jpg 511w, https:\/\/22.alutraum.com\/wp-content\/uploads\/2021\/09\/Beladen-1-319x480.jpg 319w, https:\/\/22.alutraum.com\/wp-content\/uploads\/2021\/09\/Beladen-1-106x160.jpg 106w, https:\/\/22.alutraum.com\/wp-content\/uploads\/2021\/09\/Beladen-1-768x1155.jpg 768w, https:\/\/22.alutraum.com\/wp-content\/uploads\/2021\/09\/Beladen-1-1021x1536.jpg 1021w, https:\/\/22.alutraum.com\/wp-content\/uploads\/2021\/09\/Beladen-1-1362x2048.jpg 1362w, https:\/\/22.alutraum.com\/wp-content\/uploads\/2021\/09\/Beladen-1-1024x1540.jpg 1024w, https:\/\/22.alutraum.com\/wp-content\/uploads\/2021\/09\/Beladen-1-718x1080.jpg 718w, https:\/\/22.alutraum.com\/wp-content\/uploads\/2021\/09\/Beladen-1-rotated.jpg 1649w\" sizes=\"auto, (max-width: 511px) 100vw, 511px\" \/><\/figure>\n\n\n\n<figure class=\"wp-block-image size-large\"><img loading=\"lazy\" decoding=\"async\" width=\"586\" height=\"577\" data-id=\"8774\" src=\"https:\/\/22.alutraum.com\/wp-content\/uploads\/2019\/08\/ral01.png\" alt=\"\" class=\"wp-image-8774\" srcset=\"https:\/\/22.alutraum.com\/wp-content\/uploads\/2019\/08\/ral01.png 586w, https:\/\/22.alutraum.com\/wp-content\/uploads\/2019\/08\/ral01-162x160.png 162w, https:\/\/22.alutraum.com\/wp-content\/uploads\/2019\/08\/ral01-487x480.png 487w\" sizes=\"auto, (max-width: 586px) 100vw, 586px\" \/><\/figure>\n\n\n\n<figure class=\"wp-block-image size-large\"><img loading=\"lazy\" decoding=\"async\" width=\"200\" height=\"150\" data-id=\"2749\" src=\"https:\/\/22.alutraum.com\/wp-content\/uploads\/ngg_featured\/p_DSCF3572-e1506936232355.jpg\" alt=\"\" class=\"wp-image-2749\"\/><\/figure>\n\n\n\n<figure class=\"wp-block-image size-large\"><img loading=\"lazy\" decoding=\"async\" width=\"540\" height=\"768\" data-id=\"1729\" src=\"https:\/\/22.alutraum.com\/wp-content\/uploads\/2017\/08\/Anzeige-Kopie-web-540x768.jpg\" alt=\"\" class=\"wp-image-1729\" srcset=\"https:\/\/22.alutraum.com\/wp-content\/uploads\/2017\/08\/Anzeige-Kopie-web-540x768.jpg 540w, https:\/\/22.alutraum.com\/wp-content\/uploads\/2017\/08\/Anzeige-Kopie-web-337x480.jpg 337w, https:\/\/22.alutraum.com\/wp-content\/uploads\/2017\/08\/Anzeige-Kopie-web-768x1092.jpg 768w, https:\/\/22.alutraum.com\/wp-content\/uploads\/2017\/08\/Anzeige-Kopie-web-830x1181.jpg 830w, https:\/\/22.alutraum.com\/wp-content\/uploads\/2017\/08\/Anzeige-Kopie-web-230x327.jpg 230w, https:\/\/22.alutraum.com\/wp-content\/uploads\/2017\/08\/Anzeige-Kopie-web-350x498.jpg 350w, https:\/\/22.alutraum.com\/wp-content\/uploads\/2017\/08\/Anzeige-Kopie-web-480x683.jpg 480w, https:\/\/22.alutraum.com\/wp-content\/uploads\/2017\/08\/Anzeige-Kopie-web.jpg 1063w\" sizes=\"auto, (max-width: 540px) 100vw, 540px\" \/><figcaption class=\"wp-element-caption\">Deine Idee<\/figcaption><\/figure>\n\n\n\n<figure class=\"wp-block-image size-large\"><img loading=\"lazy\" decoding=\"async\" width=\"543\" height=\"768\" data-id=\"1131\" src=\"https:\/\/22.alutraum.com\/wp-content\/uploads\/2014\/04\/flyer-msc-Kopie-klein-543x768.jpg\" alt=\"\" class=\"wp-image-1131\" srcset=\"https:\/\/22.alutraum.com\/wp-content\/uploads\/2014\/04\/flyer-msc-Kopie-klein-543x768.jpg 543w, https:\/\/22.alutraum.com\/wp-content\/uploads\/2014\/04\/flyer-msc-Kopie-klein-339x480.jpg 339w, https:\/\/22.alutraum.com\/wp-content\/uploads\/2014\/04\/flyer-msc-Kopie-klein-768x1087.jpg 768w, https:\/\/22.alutraum.com\/wp-content\/uploads\/2014\/04\/flyer-msc-Kopie-klein-830x1174.jpg 830w, https:\/\/22.alutraum.com\/wp-content\/uploads\/2014\/04\/flyer-msc-Kopie-klein-230x325.jpg 230w, https:\/\/22.alutraum.com\/wp-content\/uploads\/2014\/04\/flyer-msc-Kopie-klein-350x495.jpg 350w, https:\/\/22.alutraum.com\/wp-content\/uploads\/2014\/04\/flyer-msc-Kopie-klein-480x679.jpg 480w, https:\/\/22.alutraum.com\/wp-content\/uploads\/2014\/04\/flyer-msc-Kopie-klein.jpg 1357w\" sizes=\"auto, (max-width: 543px) 100vw, 543px\" \/><\/figure>\n\n\n\n<figure class=\"wp-block-image size-large\"><img loading=\"lazy\" decoding=\"async\" width=\"1024\" height=\"724\" data-id=\"1009\" src=\"https:\/\/22.alutraum.com\/wp-content\/uploads\/2016\/11\/cars-001-klein-1024x724.jpg\" alt=\"\" class=\"wp-image-1009\" srcset=\"https:\/\/22.alutraum.com\/wp-content\/uploads\/2016\/11\/cars-001-klein-1024x724.jpg 1024w, https:\/\/22.alutraum.com\/wp-content\/uploads\/2016\/11\/cars-001-klein-640x453.jpg 640w, https:\/\/22.alutraum.com\/wp-content\/uploads\/2016\/11\/cars-001-klein-768x543.jpg 768w, https:\/\/22.alutraum.com\/wp-content\/uploads\/2016\/11\/cars-001-klein-830x587.jpg 830w, https:\/\/22.alutraum.com\/wp-content\/uploads\/2016\/11\/cars-001-klein-230x163.jpg 230w, https:\/\/22.alutraum.com\/wp-content\/uploads\/2016\/11\/cars-001-klein-350x248.jpg 350w, https:\/\/22.alutraum.com\/wp-content\/uploads\/2016\/11\/cars-001-klein-480x340.jpg 480w, https:\/\/22.alutraum.com\/wp-content\/uploads\/2016\/11\/cars-001-klein.jpg 1920w\" sizes=\"auto, (max-width: 1024px) 100vw, 1024px\" \/><\/figure>\n<\/figure>\n","protected":false},"excerpt":{"rendered":"","protected":false},"author":1,"featured_media":0,"parent":0,"menu_order":0,"comment_status":"closed","ping_status":"closed","template":"","meta":{"ngg_post_thumbnail":0,"footnotes":""},"class_list":["post-10094","page","type-page","status-publish","hentry"],"_links":{"self":[{"href":"https:\/\/22.alutraum.com\/index.php?rest_route=\/wp\/v2\/pages\/10094","targetHints":{"allow":["GET"]}}],"collection":[{"href":"https:\/\/22.alutraum.com\/index.php?rest_route=\/wp\/v2\/pages"}],"about":[{"href":"https:\/\/22.alutraum.com\/index.php?rest_route=\/wp\/v2\/types\/page"}],"author":[{"embeddable":true,"href":"https:\/\/22.alutraum.com\/index.php?rest_route=\/wp\/v2\/users\/1"}],"replies":[{"embeddable":true,"href":"https:\/\/22.alutraum.com\/index.php?rest_route=%2Fwp%2Fv2%2Fcomments&post=10094"}],"version-history":[{"count":10,"href":"https:\/\/22.alutraum.com\/index.php?rest_route=\/wp\/v2\/pages\/10094\/revisions"}],"predecessor-version":[{"id":13750,"href":"https:\/\/22.alutraum.com\/index.php?rest_route=\/wp\/v2\/pages\/10094\/revisions\/13750"}],"wp:attachment":[{"href":"https:\/\/22.alutraum.com\/index.php?rest_route=%2Fwp%2Fv2%2Fmedia&parent=10094"}],"curies":[{"name":"wp","href":"https:\/\/api.w.org\/{rel}","templated":true}]}}